{"id":5694,"date":"2020-11-19T04:12:19","date_gmt":"2020-11-19T04:12:19","guid":{"rendered":"https:\/\/agri-sci.com\/hakkimizda\/kisisel-veri-gizliligi\/"},"modified":"2020-11-19T04:12:19","modified_gmt":"2020-11-19T04:12:19","slug":"kisisel-veri-gizliligi","status":"publish","type":"page","link":"https:\/\/agri-sci.com\/?page_id=5694&lang=tr","title":{"rendered":"K\u0130\u015e\u0130SEL VER\u0130 G\u0130ZL\u0130L\u0130\u011e\u0130"},"content":{"rendered":"<p><a href=\"https:\/\/agri-sci.com\/wp-content\/uploads\/2020\/11\/AGRISCIENCES-_FORM_HR_060_KVKK-Kapsaminda-Ilgili-Kisi-Basvuru-Formu_00-1.pdf\">AGRISCIENCES _FORM_HR_060_KVKK Kapsam\u0131nda \u0130lgili Ki\u015fi Ba\u015fvuru Formu_00<\/a><\/p>\n<p><a href=\"https:\/\/agri-sci.com\/wp-content\/uploads\/2020\/11\/AGRISCIENCES-_FORM_HR_067_KVKK-Kapsaminda-Ozel-Nitelikli-Kisisel-Veriler...-1.pdf\">AGRISCIENCES _FORM_HR_067_KVKK Kapsam\u0131nda \u00d6zel Nitelikli Ki\u015fisel Veriler&#8230;<\/a><\/p>\n<p><a href=\"https:\/\/agri-sci.com\/wp-content\/uploads\/2020\/11\/AGRISCIENCES-_FORM_HR_068_KVKK-Kapsaminda-Kisisel-Veri-Imha-ve-Saklama-P...-1.pdf\">AGRISCIENCES _FORM_HR_068_KVKK Kapsam\u0131nda Ki\u015fisel Veri \u0130mha ve Saklama P&#8230;<\/a><\/p>\n<p><a href=\"https:\/\/agri-sci.com\/wp-content\/uploads\/2020\/11\/AGRISCIENCES-_FORM_HR_069_KVKK-Kapsaminda-Kisisel-Verilerin-Korunmasi-ve...-1.pdf\">AGRISCIENCES _FORM_HR_069_KVKK Kapsam\u0131nda Ki\u015fisel Verilerin Korunmas\u0131 ve&#8230;<\/a><\/p>\n","protected":false},"excerpt":{"rendered":"<p>AGRISCIENCES _FORM_HR_060_KVKK Kapsam\u0131nda \u0130lgili Ki\u015fi Ba\u015fvuru Formu_00 AGRISCIENCES _FORM_HR_067_KVKK Kapsam\u0131nda \u00d6zel Nitelikli Ki\u015fisel Veriler&#8230; AGRISCIENCES _FORM_HR_068_KVKK Kapsam\u0131nda Ki\u015fisel Veri \u0130mha ve Saklama P&#8230; AGRISCIENCES _FORM_HR_069_KVKK Kapsam\u0131nda Ki\u015fisel Verilerin Korunmas\u0131 ve&#8230;<\/p>\n","protected":false},"author":2,"featured_media":0,"parent":234,"menu_order":0,"comment_status":"closed","ping_status":"closed","template":"","meta":{"footnotes":""},"class_list":["post-5694","page","type-page","status-publish","hentry"],"yoast_head":"<!-- This site is optimized with the Yoast SEO plugin v22.7 - https:\/\/yoast.com\/wordpress\/plugins\/seo\/ -->\r\n<title>K\u0130\u015e\u0130SEL VER\u0130 G\u0130ZL\u0130L\u0130\u011e\u0130 - Agri Sciences<\/title>\r\n<meta name=\"robots\" content=\"index, follow, max-snippet:-1, max-image-preview:large, max-video-preview:-1\" \/>\r\n<link rel=\"canonical\" href=\"https:\/\/agri-sci.com\/?page_id=5641\" \/>\r\n<meta property=\"og:locale\" content=\"en_US\" \/>\r\n<meta property=\"og:type\" content=\"article\" \/>\r\n<meta property=\"og:title\" content=\"K\u0130\u015e\u0130SEL VER\u0130 G\u0130ZL\u0130L\u0130\u011e\u0130 - Agri Sciences\" \/>\r\n<meta property=\"og:url\" content=\"https:\/\/agri-sci.com\/?page_id=5641\" \/>\r\n<meta property=\"og:site_name\" content=\"Agri Sciences\" \/>\r\n<meta name=\"twitter:card\" content=\"summary_large_image\" \/>\r\n<script type=\"application\/ld+json\" class=\"yoast-schema-graph\">{\"@context\":\"https:\/\/schema.org\",\"@graph\":[{\"@type\":\"WebPage\",\"@id\":\"https:\/\/agri-sci.com\/?page_id=5641\",\"url\":\"https:\/\/agri-sci.com\/?page_id=5641\",\"name\":\"K\u0130\u015e\u0130SEL VER\u0130 G\u0130ZL\u0130L\u0130\u011e\u0130 - Agri Sciences\",\"isPartOf\":{\"@id\":\"https:\/\/agri-sci.com\/#website\"},\"datePublished\":\"2020-11-19T04:12:19+00:00\",\"dateModified\":\"2020-11-19T04:12:19+00:00\",\"breadcrumb\":{\"@id\":\"https:\/\/agri-sci.com\/?page_id=5641#breadcrumb\"},\"inLanguage\":\"en-US\",\"potentialAction\":[{\"@type\":\"ReadAction\",\"target\":[\"https:\/\/agri-sci.com\/?page_id=5641\"]}]},{\"@type\":\"BreadcrumbList\",\"@id\":\"https:\/\/agri-sci.com\/?page_id=5641#breadcrumb\",\"itemListElement\":[{\"@type\":\"ListItem\",\"position\":1,\"name\":\"Home\",\"item\":\"https:\/\/agri-sci.com\/\"},{\"@type\":\"ListItem\",\"position\":2,\"name\":\"Hakk\u0131m\u0131zda\",\"item\":\"https:\/\/agri-sci.com\/?page_id=51\"},{\"@type\":\"ListItem\",\"position\":3,\"name\":\"K\u0130\u015e\u0130SEL VER\u0130 G\u0130ZL\u0130L\u0130\u011e\u0130\"}]},{\"@type\":\"WebSite\",\"@id\":\"https:\/\/agri-sci.com\/#website\",\"url\":\"https:\/\/agri-sci.com\/\",\"name\":\"Agri Sciences\",\"description\":\"a wide range of crop-protection products, including specialty fertilizers, pesticides and seed-care products\",\"potentialAction\":[{\"@type\":\"SearchAction\",\"target\":{\"@type\":\"EntryPoint\",\"urlTemplate\":\"https:\/\/agri-sci.com\/?s={search_term_string}\"},\"query-input\":\"required name=search_term_string\"}],\"inLanguage\":\"en-US\"}]}<\/script>\r\n<!-- \/ Yoast SEO plugin. -->","yoast_head_json":{"title":"K\u0130\u015e\u0130SEL VER\u0130 G\u0130ZL\u0130L\u0130\u011e\u0130 - Agri Sciences","robots":{"index":"index","follow":"follow","max-snippet":"max-snippet:-1","max-image-preview":"max-image-preview:large","max-video-preview":"max-video-preview:-1"},"canonical":"https:\/\/agri-sci.com\/?page_id=5641","og_locale":"en_US","og_type":"article","og_title":"K\u0130\u015e\u0130SEL VER\u0130 G\u0130ZL\u0130L\u0130\u011e\u0130 - Agri Sciences","og_url":"https:\/\/agri-sci.com\/?page_id=5641","og_site_name":"Agri Sciences","twitter_card":"summary_large_image","schema":{"@context":"https:\/\/schema.org","@graph":[{"@type":"WebPage","@id":"https:\/\/agri-sci.com\/?page_id=5641","url":"https:\/\/agri-sci.com\/?page_id=5641","name":"K\u0130\u015e\u0130SEL VER\u0130 G\u0130ZL\u0130L\u0130\u011e\u0130 - Agri Sciences","isPartOf":{"@id":"https:\/\/agri-sci.com\/#website"},"datePublished":"2020-11-19T04:12:19+00:00","dateModified":"2020-11-19T04:12:19+00:00","breadcrumb":{"@id":"https:\/\/agri-sci.com\/?page_id=5641#breadcrumb"},"inLanguage":"en-US","potentialAction":[{"@type":"ReadAction","target":["https:\/\/agri-sci.com\/?page_id=5641"]}]},{"@type":"BreadcrumbList","@id":"https:\/\/agri-sci.com\/?page_id=5641#breadcrumb","itemListElement":[{"@type":"ListItem","position":1,"name":"Home","item":"https:\/\/agri-sci.com\/"},{"@type":"ListItem","position":2,"name":"Hakk\u0131m\u0131zda","item":"https:\/\/agri-sci.com\/?page_id=51"},{"@type":"ListItem","position":3,"name":"K\u0130\u015e\u0130SEL VER\u0130 G\u0130ZL\u0130L\u0130\u011e\u0130"}]},{"@type":"WebSite","@id":"https:\/\/agri-sci.com\/#website","url":"https:\/\/agri-sci.com\/","name":"Agri Sciences","description":"a wide range of crop-protection products, including specialty fertilizers, pesticides and seed-care products","potentialAction":[{"@type":"SearchAction","target":{"@type":"EntryPoint","urlTemplate":"https:\/\/agri-sci.com\/?s={search_term_string}"},"query-input":"required name=search_term_string"}],"inLanguage":"en-US"}]}},"_links":{"self":[{"href":"https:\/\/agri-sci.com\/index.php?rest_route=\/wp\/v2\/pages\/5694","targetHints":{"allow":["GET"]}}],"collection":[{"href":"https:\/\/agri-sci.com\/index.php?rest_route=\/wp\/v2\/pages"}],"about":[{"href":"https:\/\/agri-sci.com\/index.php?rest_route=\/wp\/v2\/types\/page"}],"author":[{"embeddable":true,"href":"https:\/\/agri-sci.com\/index.php?rest_route=\/wp\/v2\/users\/2"}],"replies":[{"embeddable":true,"href":"https:\/\/agri-sci.com\/index.php?rest_route=%2Fwp%2Fv2%2Fcomments&post=5694"}],"version-history":[{"count":0,"href":"https:\/\/agri-sci.com\/index.php?rest_route=\/wp\/v2\/pages\/5694\/revisions"}],"up":[{"embeddable":true,"href":"https:\/\/agri-sci.com\/index.php?rest_route=\/wp\/v2\/pages\/234"}],"wp:attachment":[{"href":"https:\/\/agri-sci.com\/index.php?rest_route=%2Fwp%2Fv2%2Fmedia&parent=5694"}],"curies":[{"name":"wp","href":"https:\/\/api.w.org\/{rel}","templated":true}]}}