{"id":4436,"date":"2020-04-25T13:05:58","date_gmt":"2020-04-25T13:05:58","guid":{"rendered":"http:\/\/agri-sci.com\/about\/nuestra-estrategia\/"},"modified":"2020-04-25T13:05:58","modified_gmt":"2020-04-25T13:05:58","slug":"nuestra-estrategia","status":"publish","type":"page","link":"https:\/\/agri-sci.com\/?page_id=4436&lang=es","title":{"rendered":"Nuestra estrategia"},"content":{"rendered":"<div class=\"row\">\n<div class=\"col-sm-5 align-self-center\">\n<h5><img loading=\"lazy\" decoding=\"async\" width=\"700\" height=\"358\" class=\"alignnone img-fluid showdow_img size-full wp-image-68 img-responsive\" src=\"http:\/\/agri-sci.com\/wp-content\/uploads\/2019\/12\/fabrika8.jpg\" alt=\"\" srcset=\"https:\/\/agri-sci.com\/wp-content\/uploads\/2019\/12\/fabrika8.jpg 700w, https:\/\/agri-sci.com\/wp-content\/uploads\/2019\/12\/fabrika8-300x153.jpg 300w\" sizes=\"auto, (max-width: 700px) 100vw, 700px\" \/><\/h5>\n<\/div>\n<div class=\"col-sm-7 align-self-center\">\n<h5>Fabricar productos de protecci\u00f3n de cultivos de marca para un ma\u00f1ana sostenible<\/h5>\n<p>Nuestro enfoque aqu\u00ed es crear productos ecol\u00f3gicos dise\u00f1ados para un control de pestes m\u00e1s potente familiariz\u00e1ndonos nosotros mismo con el suelo en uso, entendiendo la planta, conociendo al granjero, y manteniendo pr\u00e1cticas sostenibles. <\/p>\n<\/div>\n<\/div>\n<p>Nuestros m\u00e9todos probados cient\u00edficamente nos han ayudado a presentar productos que den forma al futuro del mundo. Nuestro trabajo apasionado nos ha permitido crear pesticidas de protecci\u00f3n de cultivos gen\u00e9ricos de alto grado y brindar mucho servicio que satisface las necesidades de nuestros clientes, socios, y accionistas.<\/p>\n<p>Agri Sciences est\u00e1 comprometida a encontrar soluciones innovadoras que aborden desaf\u00edos claves en la agricultura a trav\u00e9s de nuestro laboratorio de investigaci\u00f3n y desarrollo de vanguardia.<\/p>\n","protected":false},"excerpt":{"rendered":"<p>Fabricar productos de protecci\u00f3n de cultivos de marca para un ma\u00f1ana sostenible Nuestro enfoque aqu\u00ed es crear productos ecol\u00f3gicos dise\u00f1ados para un control de pestes m\u00e1s potente familiariz\u00e1ndonos nosotros mismo con el suelo en uso, entendiendo la planta, conociendo al granjero, y manteniendo pr\u00e1cticas sostenibles. Nuestros m\u00e9todos probados cient\u00edficamente nos han ayudado a presentar productos [&hellip;]<\/p>\n","protected":false},"author":2,"featured_media":0,"parent":4045,"menu_order":0,"comment_status":"closed","ping_status":"closed","template":"","meta":{"footnotes":""},"class_list":["post-4436","page","type-page","status-publish","hentry"],"yoast_head":"<!-- This site is optimized with the Yoast SEO plugin v22.7 - https:\/\/yoast.com\/wordpress\/plugins\/seo\/ -->\r\n<title>Nuestra estrategia - Agri Sciences<\/title>\r\n<meta name=\"robots\" content=\"index, follow, max-snippet:-1, max-image-preview:large, max-video-preview:-1\" \/>\r\n<link rel=\"canonical\" href=\"https:\/\/agri-sci.com\/?page_id=65\" \/>\r\n<meta property=\"og:locale\" content=\"en_US\" \/>\r\n<meta property=\"og:type\" content=\"article\" \/>\r\n<meta property=\"og:title\" content=\"Nuestra estrategia - Agri Sciences\" \/>\r\n<meta property=\"og:url\" content=\"https:\/\/agri-sci.com\/?page_id=65\" \/>\r\n<meta property=\"og:site_name\" content=\"Agri Sciences\" \/>\r\n<meta property=\"og:image\" content=\"http:\/\/agri-sci.com\/wp-content\/uploads\/2019\/12\/fabrika8.jpg\" \/>\r\n<meta name=\"twitter:card\" content=\"summary_large_image\" \/>\r\n<meta name=\"twitter:label1\" content=\"Est. reading time\" \/>\n\t<meta name=\"twitter:data1\" content=\"1 minute\" \/>\r\n<script type=\"application\/ld+json\" class=\"yoast-schema-graph\">{\"@context\":\"https:\/\/schema.org\",\"@graph\":[{\"@type\":\"WebPage\",\"@id\":\"https:\/\/agri-sci.com\/?page_id=65\",\"url\":\"https:\/\/agri-sci.com\/?page_id=65\",\"name\":\"Nuestra estrategia - Agri Sciences\",\"isPartOf\":{\"@id\":\"https:\/\/agri-sci.com\/#website\"},\"primaryImageOfPage\":{\"@id\":\"https:\/\/agri-sci.com\/?page_id=65#primaryimage\"},\"image\":{\"@id\":\"https:\/\/agri-sci.com\/?page_id=65#primaryimage\"},\"thumbnailUrl\":\"http:\/\/agri-sci.com\/wp-content\/uploads\/2019\/12\/fabrika8.jpg\",\"datePublished\":\"2020-04-25T13:05:58+00:00\",\"dateModified\":\"2020-04-25T13:05:58+00:00\",\"breadcrumb\":{\"@id\":\"https:\/\/agri-sci.com\/?page_id=65#breadcrumb\"},\"inLanguage\":\"en-US\",\"potentialAction\":[{\"@type\":\"ReadAction\",\"target\":[\"https:\/\/agri-sci.com\/?page_id=65\"]}]},{\"@type\":\"ImageObject\",\"inLanguage\":\"en-US\",\"@id\":\"https:\/\/agri-sci.com\/?page_id=65#primaryimage\",\"url\":\"http:\/\/agri-sci.com\/wp-content\/uploads\/2019\/12\/fabrika8.jpg\",\"contentUrl\":\"http:\/\/agri-sci.com\/wp-content\/uploads\/2019\/12\/fabrika8.jpg\"},{\"@type\":\"BreadcrumbList\",\"@id\":\"https:\/\/agri-sci.com\/?page_id=65#breadcrumb\",\"itemListElement\":[{\"@type\":\"ListItem\",\"position\":1,\"name\":\"Home\",\"item\":\"https:\/\/agri-sci.com\/\"},{\"@type\":\"ListItem\",\"position\":2,\"name\":\"Sobre\",\"item\":\"https:\/\/agri-sci.com\/?page_id=51\"},{\"@type\":\"ListItem\",\"position\":3,\"name\":\"Nuestra estrategia\"}]},{\"@type\":\"WebSite\",\"@id\":\"https:\/\/agri-sci.com\/#website\",\"url\":\"https:\/\/agri-sci.com\/\",\"name\":\"Agri Sciences\",\"description\":\"a wide range of crop-protection products, including specialty fertilizers, pesticides and seed-care products\",\"potentialAction\":[{\"@type\":\"SearchAction\",\"target\":{\"@type\":\"EntryPoint\",\"urlTemplate\":\"https:\/\/agri-sci.com\/?s={search_term_string}\"},\"query-input\":\"required name=search_term_string\"}],\"inLanguage\":\"en-US\"}]}<\/script>\r\n<!-- \/ Yoast SEO plugin. -->","yoast_head_json":{"title":"Nuestra estrategia - Agri Sciences","robots":{"index":"index","follow":"follow","max-snippet":"max-snippet:-1","max-image-preview":"max-image-preview:large","max-video-preview":"max-video-preview:-1"},"canonical":"https:\/\/agri-sci.com\/?page_id=65","og_locale":"en_US","og_type":"article","og_title":"Nuestra estrategia - Agri Sciences","og_url":"https:\/\/agri-sci.com\/?page_id=65","og_site_name":"Agri Sciences","og_image":[{"url":"http:\/\/agri-sci.com\/wp-content\/uploads\/2019\/12\/fabrika8.jpg"}],"twitter_card":"summary_large_image","twitter_misc":{"Est. reading time":"1 minute"},"schema":{"@context":"https:\/\/schema.org","@graph":[{"@type":"WebPage","@id":"https:\/\/agri-sci.com\/?page_id=65","url":"https:\/\/agri-sci.com\/?page_id=65","name":"Nuestra estrategia - Agri Sciences","isPartOf":{"@id":"https:\/\/agri-sci.com\/#website"},"primaryImageOfPage":{"@id":"https:\/\/agri-sci.com\/?page_id=65#primaryimage"},"image":{"@id":"https:\/\/agri-sci.com\/?page_id=65#primaryimage"},"thumbnailUrl":"http:\/\/agri-sci.com\/wp-content\/uploads\/2019\/12\/fabrika8.jpg","datePublished":"2020-04-25T13:05:58+00:00","dateModified":"2020-04-25T13:05:58+00:00","breadcrumb":{"@id":"https:\/\/agri-sci.com\/?page_id=65#breadcrumb"},"inLanguage":"en-US","potentialAction":[{"@type":"ReadAction","target":["https:\/\/agri-sci.com\/?page_id=65"]}]},{"@type":"ImageObject","inLanguage":"en-US","@id":"https:\/\/agri-sci.com\/?page_id=65#primaryimage","url":"http:\/\/agri-sci.com\/wp-content\/uploads\/2019\/12\/fabrika8.jpg","contentUrl":"http:\/\/agri-sci.com\/wp-content\/uploads\/2019\/12\/fabrika8.jpg"},{"@type":"BreadcrumbList","@id":"https:\/\/agri-sci.com\/?page_id=65#breadcrumb","itemListElement":[{"@type":"ListItem","position":1,"name":"Home","item":"https:\/\/agri-sci.com\/"},{"@type":"ListItem","position":2,"name":"Sobre","item":"https:\/\/agri-sci.com\/?page_id=51"},{"@type":"ListItem","position":3,"name":"Nuestra estrategia"}]},{"@type":"WebSite","@id":"https:\/\/agri-sci.com\/#website","url":"https:\/\/agri-sci.com\/","name":"Agri Sciences","description":"a wide range of crop-protection products, including specialty fertilizers, pesticides and seed-care products","potentialAction":[{"@type":"SearchAction","target":{"@type":"EntryPoint","urlTemplate":"https:\/\/agri-sci.com\/?s={search_term_string}"},"query-input":"required name=search_term_string"}],"inLanguage":"en-US"}]}},"_links":{"self":[{"href":"https:\/\/agri-sci.com\/index.php?rest_route=\/wp\/v2\/pages\/4436","targetHints":{"allow":["GET"]}}],"collection":[{"href":"https:\/\/agri-sci.com\/index.php?rest_route=\/wp\/v2\/pages"}],"about":[{"href":"https:\/\/agri-sci.com\/index.php?rest_route=\/wp\/v2\/types\/page"}],"author":[{"embeddable":true,"href":"https:\/\/agri-sci.com\/index.php?rest_route=\/wp\/v2\/users\/2"}],"replies":[{"embeddable":true,"href":"https:\/\/agri-sci.com\/index.php?rest_route=%2Fwp%2Fv2%2Fcomments&post=4436"}],"version-history":[{"count":0,"href":"https:\/\/agri-sci.com\/index.php?rest_route=\/wp\/v2\/pages\/4436\/revisions"}],"up":[{"embeddable":true,"href":"https:\/\/agri-sci.com\/index.php?rest_route=\/wp\/v2\/pages\/4045"}],"wp:attachment":[{"href":"https:\/\/agri-sci.com\/index.php?rest_route=%2Fwp%2Fv2%2Fmedia&parent=4436"}],"curies":[{"name":"wp","href":"https:\/\/api.w.org\/{rel}","templated":true}]}}