{"id":4048,"date":"2020-02-19T04:44:45","date_gmt":"2020-02-19T04:44:45","guid":{"rendered":"http:\/\/agri-sci.com\/rd\/"},"modified":"2020-04-25T12:23:02","modified_gmt":"2020-04-25T12:23:02","slug":"rd","status":"publish","type":"page","link":"https:\/\/agri-sci.com\/?page_id=4048&lang=es","title":{"rendered":"Investigaci\u00f3n y desarrollo."},"content":{"rendered":"<div class=\"row mb_btm\">\n<div class=\"col-lg-6\">\n\t\t<img decoding=\"async\" class=\"alignnone showdow_img img-fluid size-full wp-image-68 img-responsive\" src=\"http:\/\/ysmnet.com\/agri\/wordpress\/wp-content\/uploads\/2019\/12\/rd-1-1.jpg\" alt=\"\"  \/>\n\t<\/div>\n<div class=\"col-lg-6\">\n<h4>Desarrollo de negocio<\/h4>\n<p>\t\tContinuamos haciendo crecer nuestro negocio cada a\u00f1o en el mercado internacional a trav\u00e9s del desarrollo de soluciones innovadoras para nuestros productores. Nuestro portafolio de productos abarca un amplio n\u00famero de marcas registras muy famosas. Nuestra amplia red nos mantiene informado de las demandas locales en los mercados que atendemos. A trav\u00e9s de nuestra estrategia, apuntamos a.<\/p>\n<ul>\n<li>Aumentar nuestra cuota del mercado en la regi\u00f3n del Oriente Medio y \u00c1frica del Norte<\/li>\n<li>Ganar la cuota del mercado en Latinoam\u00e9rica (LATAM), \u00c1frica y Europa del Este<\/li>\n<li>Convertirnos en el socio de elecci\u00f3n para las formulas con licencias<\/li>\n<li>Ofrecer a nuestros clientes y accionistas el valor agregado que se merecen<\/li>\n<\/ul><\/div>\n<\/div>\n<div class=\"row mb_btm\">\n<div class=\"col-lg-6\">\n<h4>Licencias<\/h4>\n<p>\t\tEl mercado de protecci\u00f3n de cultivos del Oriente Medio y el Norte de \u00c1frica est\u00e1 creciendo. El mercado es complejo y fragmentado, y varias estructuras requieren alcanzar todos los canales y secciones importantes. Esto puede ser un proceso complejo para algunas empresas multinacionales, sin embargo, Agri Sciences posee la infraestructura correcta a adoptar en este dif\u00edcil mercado.<\/p>\n<p>Nuestro equipo experimentado es capaz de desarrollar y registrar productos de protecci\u00f3n de cultivos en varios mercados.\n\t<\/p><\/div>\n<div class=\"col-lg-6\">\n\t\t<img decoding=\"async\" class=\"alignnone showdow_img img-fluid size-full wp-image-68 img-responsive\" src=\"http:\/\/ysmnet.com\/agri\/wordpress\/wp-content\/uploads\/2019\/12\/rd-2.jpg\" alt=\"\"  \/>\n\t<\/div>\n<\/div>\n<div class=\"row mb_btm\">\n<div class=\"col-lg-6\">\n\t\t<img decoding=\"async\" class=\"alignnone showdow_img img-fluid size-full wp-image-68 img-responsive\" src=\"http:\/\/ysmnet.com\/agri\/wordpress\/wp-content\/uploads\/2019\/12\/rd-3.jpg\" alt=\"\"  \/>\n\t<\/div>\n<div class=\"col-lg-6\">\n<h4>Ventas y Mercadeo<\/h4>\n<p>\t\tNuestros equipos de ventas y mercadeos trabajan constantemente unos con otros para optimizar nuestra cartera de productos.<\/p>\n<p>La fuerza de Agri Sciences se deriva en su experiencia en equipos de ventas y mercadeo, sus estudios de lanzamiento de productos, y gesti\u00f3n de cartera.<\/p>\n<ul>\n<li>Servicios postventa<\/li>\n<li>Estrategias de precio efectivas<\/li>\n<li>Personal experto<\/li>\n<li>Acceso global<\/li>\n<\/ul><\/div>\n<\/div>\n<div class=\"row mb_btm\">\n<div class=\"col-lg-6\">\n\t\t<img decoding=\"async\" class=\"alignnone showdow_img img-fluid size-full wp-image-68 img-responsive\" src=\"http:\/\/ysmnet.com\/agri\/wordpress\/wp-content\/uploads\/2019\/12\/rd-4.jpg\" alt=\"\"  \/>\n\t<\/div>\n<div class=\"col-lg-6\">\n<h4>Tecnolog\u00edas agroqu\u00edmicas de Agri Sciencess<\/h4>\n<p>1. Dispersi\u00f3n SC molienda h\u00fameda<br \/>\n2. CE, EX y microemulsiones<br \/>\n3. Granulaciones Extrduer<br \/>\n4. Microencapsulaci\u00f3n<br \/>\n5. Molienda por chorro de molienda h\u00fameda<br \/>\nLa I&#038;D de Agri Sciences se enfoca en:\n\t<\/p><\/div>\n<\/div>\n<h4>Investigaci\u00f3n y desarrollo de Agri Sciences<\/h4>\n<p>El personal t\u00e9cnico de Agri Science es altamente calificado y tienen un historial de desarrollo de f\u00f3rmulas nuevas y productos innovadores. <\/p>\n<p>Con el programa din\u00e1mico de I&#038;D en Agri Sciences, nos basamos en una amplia variedad  de inteligencia  de mercado y retroalimentaci\u00f3n t\u00e9cnica, especialmente cuando nuestra estrategia de desarrollo de  productos tiene como objetivo abordar cualquier problema global.<\/p>\n<p>Las capacidades I&#038;D est\u00e1n dise\u00f1ada para asegurar el est\u00e1ndar m\u00e1s alto de f\u00f3rmulas ambientalmente segura y para adoptar las \u00faltimas tecnolog\u00edas sin patentes.<\/p>\n<p>Los productos innovadores, que han sido agregados a nuestra cartera con los esfuerzos dedicados e incesantes de nuestro equipo.<\/p>\n<p>Nuestro equipo de alta tecnolog\u00eda  e instalaciones de vanguardia nos ayudan a idear soluciones creativas, y nos permiten alcanzar m\u00e1s con menos tiempo. Algunos de nuestros estudios incluyen:<\/p>\n<ul>\n<li>Desarrollar una formulaci\u00f3n de producto nueva y mejorada as\u00ed como mezclas de productos innovadores.<\/li>\n<li>Escala de producci\u00f3n y dise\u00f1o de validaci\u00f3n de procesos<\/li>\n<\/ul>\n","protected":false},"excerpt":{"rendered":"<p>Desarrollo de negocio Continuamos haciendo crecer nuestro negocio cada a\u00f1o en el mercado internacional a trav\u00e9s del desarrollo de soluciones innovadoras para nuestros productores. Nuestro portafolio de productos abarca un amplio n\u00famero de marcas registras muy famosas. Nuestra amplia red nos mantiene informado de las demandas locales en los mercados que atendemos. A trav\u00e9s de [&hellip;]<\/p>\n","protected":false},"author":2,"featured_media":0,"parent":0,"menu_order":0,"comment_status":"closed","ping_status":"closed","template":"","meta":{"footnotes":""},"class_list":["post-4048","page","type-page","status-publish","hentry"],"yoast_head":"<!-- This site is optimized with the Yoast SEO plugin v22.7 - https:\/\/yoast.com\/wordpress\/plugins\/seo\/ -->\r\n<title>Investigaci\u00f3n y desarrollo. - Agri Sciences<\/title>\r\n<meta name=\"robots\" content=\"index, follow, max-snippet:-1, max-image-preview:large, max-video-preview:-1\" \/>\r\n<link rel=\"canonical\" href=\"https:\/\/agri-sci.com\/?page_id=71\" \/>\r\n<meta property=\"og:locale\" content=\"en_US\" \/>\r\n<meta property=\"og:type\" content=\"article\" \/>\r\n<meta property=\"og:title\" content=\"Investigaci\u00f3n y desarrollo. - Agri Sciences\" \/>\r\n<meta property=\"og:url\" content=\"https:\/\/agri-sci.com\/?page_id=71\" \/>\r\n<meta property=\"og:site_name\" content=\"Agri Sciences\" \/>\r\n<meta property=\"article:modified_time\" content=\"2020-04-25T12:23:02+00:00\" \/>\r\n<meta property=\"og:image\" content=\"http:\/\/ysmnet.com\/agri\/wordpress\/wp-content\/uploads\/2019\/12\/rd-1-1.jpg\" \/>\r\n<meta name=\"twitter:card\" content=\"summary_large_image\" \/>\r\n<meta name=\"twitter:label1\" content=\"Est. reading time\" \/>\n\t<meta name=\"twitter:data1\" content=\"2 minutes\" \/>\r\n<script type=\"application\/ld+json\" class=\"yoast-schema-graph\">{\"@context\":\"https:\/\/schema.org\",\"@graph\":[{\"@type\":\"WebPage\",\"@id\":\"https:\/\/agri-sci.com\/?page_id=71\",\"url\":\"https:\/\/agri-sci.com\/?page_id=71\",\"name\":\"Investigaci\u00f3n y desarrollo. - Agri Sciences\",\"isPartOf\":{\"@id\":\"https:\/\/agri-sci.com\/#website\"},\"primaryImageOfPage\":{\"@id\":\"https:\/\/agri-sci.com\/?page_id=71#primaryimage\"},\"image\":{\"@id\":\"https:\/\/agri-sci.com\/?page_id=71#primaryimage\"},\"thumbnailUrl\":\"http:\/\/ysmnet.com\/agri\/wordpress\/wp-content\/uploads\/2019\/12\/rd-1-1.jpg\",\"datePublished\":\"2020-02-19T04:44:45+00:00\",\"dateModified\":\"2020-04-25T12:23:02+00:00\",\"breadcrumb\":{\"@id\":\"https:\/\/agri-sci.com\/?page_id=71#breadcrumb\"},\"inLanguage\":\"en-US\",\"potentialAction\":[{\"@type\":\"ReadAction\",\"target\":[\"https:\/\/agri-sci.com\/?page_id=71\"]}]},{\"@type\":\"ImageObject\",\"inLanguage\":\"en-US\",\"@id\":\"https:\/\/agri-sci.com\/?page_id=71#primaryimage\",\"url\":\"http:\/\/ysmnet.com\/agri\/wordpress\/wp-content\/uploads\/2019\/12\/rd-1-1.jpg\",\"contentUrl\":\"http:\/\/ysmnet.com\/agri\/wordpress\/wp-content\/uploads\/2019\/12\/rd-1-1.jpg\"},{\"@type\":\"BreadcrumbList\",\"@id\":\"https:\/\/agri-sci.com\/?page_id=71#breadcrumb\",\"itemListElement\":[{\"@type\":\"ListItem\",\"position\":1,\"name\":\"Home\",\"item\":\"https:\/\/agri-sci.com\/\"},{\"@type\":\"ListItem\",\"position\":2,\"name\":\"Investigaci\u00f3n y desarrollo.\"}]},{\"@type\":\"WebSite\",\"@id\":\"https:\/\/agri-sci.com\/#website\",\"url\":\"https:\/\/agri-sci.com\/\",\"name\":\"Agri Sciences\",\"description\":\"a wide range of crop-protection products, including specialty fertilizers, pesticides and seed-care products\",\"potentialAction\":[{\"@type\":\"SearchAction\",\"target\":{\"@type\":\"EntryPoint\",\"urlTemplate\":\"https:\/\/agri-sci.com\/?s={search_term_string}\"},\"query-input\":\"required name=search_term_string\"}],\"inLanguage\":\"en-US\"}]}<\/script>\r\n<!-- \/ Yoast SEO plugin. -->","yoast_head_json":{"title":"Investigaci\u00f3n y desarrollo. - Agri Sciences","robots":{"index":"index","follow":"follow","max-snippet":"max-snippet:-1","max-image-preview":"max-image-preview:large","max-video-preview":"max-video-preview:-1"},"canonical":"https:\/\/agri-sci.com\/?page_id=71","og_locale":"en_US","og_type":"article","og_title":"Investigaci\u00f3n y desarrollo. - Agri Sciences","og_url":"https:\/\/agri-sci.com\/?page_id=71","og_site_name":"Agri Sciences","article_modified_time":"2020-04-25T12:23:02+00:00","og_image":[{"url":"http:\/\/ysmnet.com\/agri\/wordpress\/wp-content\/uploads\/2019\/12\/rd-1-1.jpg"}],"twitter_card":"summary_large_image","twitter_misc":{"Est. reading time":"2 minutes"},"schema":{"@context":"https:\/\/schema.org","@graph":[{"@type":"WebPage","@id":"https:\/\/agri-sci.com\/?page_id=71","url":"https:\/\/agri-sci.com\/?page_id=71","name":"Investigaci\u00f3n y desarrollo. - Agri Sciences","isPartOf":{"@id":"https:\/\/agri-sci.com\/#website"},"primaryImageOfPage":{"@id":"https:\/\/agri-sci.com\/?page_id=71#primaryimage"},"image":{"@id":"https:\/\/agri-sci.com\/?page_id=71#primaryimage"},"thumbnailUrl":"http:\/\/ysmnet.com\/agri\/wordpress\/wp-content\/uploads\/2019\/12\/rd-1-1.jpg","datePublished":"2020-02-19T04:44:45+00:00","dateModified":"2020-04-25T12:23:02+00:00","breadcrumb":{"@id":"https:\/\/agri-sci.com\/?page_id=71#breadcrumb"},"inLanguage":"en-US","potentialAction":[{"@type":"ReadAction","target":["https:\/\/agri-sci.com\/?page_id=71"]}]},{"@type":"ImageObject","inLanguage":"en-US","@id":"https:\/\/agri-sci.com\/?page_id=71#primaryimage","url":"http:\/\/ysmnet.com\/agri\/wordpress\/wp-content\/uploads\/2019\/12\/rd-1-1.jpg","contentUrl":"http:\/\/ysmnet.com\/agri\/wordpress\/wp-content\/uploads\/2019\/12\/rd-1-1.jpg"},{"@type":"BreadcrumbList","@id":"https:\/\/agri-sci.com\/?page_id=71#breadcrumb","itemListElement":[{"@type":"ListItem","position":1,"name":"Home","item":"https:\/\/agri-sci.com\/"},{"@type":"ListItem","position":2,"name":"Investigaci\u00f3n y desarrollo."}]},{"@type":"WebSite","@id":"https:\/\/agri-sci.com\/#website","url":"https:\/\/agri-sci.com\/","name":"Agri Sciences","description":"a wide range of crop-protection products, including specialty fertilizers, pesticides and seed-care products","potentialAction":[{"@type":"SearchAction","target":{"@type":"EntryPoint","urlTemplate":"https:\/\/agri-sci.com\/?s={search_term_string}"},"query-input":"required name=search_term_string"}],"inLanguage":"en-US"}]}},"_links":{"self":[{"href":"https:\/\/agri-sci.com\/index.php?rest_route=\/wp\/v2\/pages\/4048","targetHints":{"allow":["GET"]}}],"collection":[{"href":"https:\/\/agri-sci.com\/index.php?rest_route=\/wp\/v2\/pages"}],"about":[{"href":"https:\/\/agri-sci.com\/index.php?rest_route=\/wp\/v2\/types\/page"}],"author":[{"embeddable":true,"href":"https:\/\/agri-sci.com\/index.php?rest_route=\/wp\/v2\/users\/2"}],"replies":[{"embeddable":true,"href":"https:\/\/agri-sci.com\/index.php?rest_route=%2Fwp%2Fv2%2Fcomments&post=4048"}],"version-history":[{"count":1,"href":"https:\/\/agri-sci.com\/index.php?rest_route=\/wp\/v2\/pages\/4048\/revisions"}],"predecessor-version":[{"id":4430,"href":"https:\/\/agri-sci.com\/index.php?rest_route=\/wp\/v2\/pages\/4048\/revisions\/4430"}],"wp:attachment":[{"href":"https:\/\/agri-sci.com\/index.php?rest_route=%2Fwp%2Fv2%2Fmedia&parent=4048"}],"curies":[{"name":"wp","href":"https:\/\/api.w.org\/{rel}","templated":true}]}}