{"id":4045,"date":"2020-02-19T04:21:50","date_gmt":"2020-02-19T04:21:50","guid":{"rendered":"http:\/\/agri-sci.com\/about\/"},"modified":"2020-04-25T12:21:55","modified_gmt":"2020-04-25T12:21:55","slug":"about","status":"publish","type":"page","link":"https:\/\/agri-sci.com\/?page_id=4045&lang=es","title":{"rendered":"Sobre"},"content":{"rendered":"<div class=\"row\">\n<div class=\"col-sm-7 align-self-center\">\n<h5><img loading=\"lazy\" decoding=\"async\" width=\"848\" height=\"369\" class=\"alignnone img-fluid showdow_img size-full showdow_img wp-image-52 img-responsive\" src=\"http:\/\/ysmnet.com\/agri\/wordpress\/wp-content\/uploads\/2019\/12\/about_bg.jpg\" alt=\"\" srcset=\"https:\/\/agri-sci.com\/wp-content\/uploads\/2019\/12\/about_bg.jpg 848w, https:\/\/agri-sci.com\/wp-content\/uploads\/2019\/12\/about_bg-300x131.jpg 300w, https:\/\/agri-sci.com\/wp-content\/uploads\/2019\/12\/about_bg-768x334.jpg 768w\" sizes=\"auto, (max-width: 848px) 100vw, 848px\" \/><\/h5>\n<\/div>\n<div class=\"col-sm-5 align-self-center\">\n<p>Agri Sciences es una empresa agroqu\u00edmica progresiva que desarrolla, formulas y comercializa pesticidas para protecci\u00f3n de cultivos y fertilizantes especiales para el mercado mundial.<\/p>\n<p>Agri Sciences apunta a convertirse en una empresa de protecci\u00f3n de cultivos y de nutrici\u00f3n de plantas de clases mundial al aprovechar las asociaciones existentes con fabricantes activos, alcanzar la excelencia reglamentaria y desarrollar tecnolog\u00edas de formulaci\u00f3n. Nuestras capacidades de formulaci\u00f3n de \u00faltima generaci\u00f3n nos ayuda a producir m\u00e1s formulas agroqu\u00edmicas mientras nos adherimos a estrictos sistemas de controles de calidad.<\/p>\n<\/div>\n<\/div>\n<p>Comenzando desde la ventana de Turqu\u00eda hacia el mundo, Agri Sciences se ha establecido en enero del 2010 en Izmir, Turqu\u00eda, progresivamente la empresa se ha expandido a otros pa\u00edses. La empresa desde entonces ha desarrollado una amplia variedad de marcas y productos innovadores. La producci\u00f3n se lleva a cabo en las instalaciones modernas en Agri Sciences de expertos bien versados y tecnolog\u00edas de fabricaci\u00f3n avanzada. Las extensas instalaciones se extienden por m\u00e1s de 10.000 m2 y est\u00e1n ubicadas en Pancar de Izmir una regi\u00f3n del distrito de Torbali.<\/p>\n<p>Nuestro enfoque combina un servicio de atenci\u00f3n al cliente atento y productos de muy buena calidad en medio de un ambiente que fomenta la innovaci\u00f3n.<\/p>\n<p>Agri Sciences se adhiere a sistemas de calidad reconocidos mundialmente, tales como:<\/p>\n<ul>\n<li>ISO 9001:2008 Sistema de Gesti\u00f3n de Calidad<\/li>\n<li>OHSAS 180001 Salud Ocupacional y Sistema de Gesti\u00f3n de Calidad<\/li>\n<li>ISO 14001 Sistema de Gesti\u00f3n Ambiental<\/li>\n<li>ISO 17025 Acreditaci\u00f3n de Laboratorios de Sistema de Gesti\u00f3n de Calidad<\/li>\n<\/ul>\n","protected":false},"excerpt":{"rendered":"<p>Agri Sciences es una empresa agroqu\u00edmica progresiva que desarrolla, formulas y comercializa pesticidas para protecci\u00f3n de cultivos y fertilizantes especiales para el mercado mundial. Agri Sciences apunta a convertirse en una empresa de protecci\u00f3n de cultivos y de nutrici\u00f3n de plantas de clases mundial al aprovechar las asociaciones existentes con fabricantes activos, alcanzar la excelencia [&hellip;]<\/p>\n","protected":false},"author":2,"featured_media":0,"parent":0,"menu_order":0,"comment_status":"closed","ping_status":"closed","template":"","meta":{"footnotes":""},"class_list":["post-4045","page","type-page","status-publish","hentry"],"yoast_head":"<!-- This site is optimized with the Yoast SEO plugin v22.7 - https:\/\/yoast.com\/wordpress\/plugins\/seo\/ -->\r\n<title>Sobre - Agri Sciences<\/title>\r\n<meta name=\"robots\" content=\"index, follow, max-snippet:-1, max-image-preview:large, max-video-preview:-1\" \/>\r\n<link rel=\"canonical\" href=\"https:\/\/agri-sci.com\/?page_id=51\" \/>\r\n<meta property=\"og:locale\" content=\"en_US\" \/>\r\n<meta property=\"og:type\" content=\"article\" \/>\r\n<meta property=\"og:title\" content=\"Sobre - Agri Sciences\" \/>\r\n<meta property=\"og:url\" content=\"https:\/\/agri-sci.com\/?page_id=51\" \/>\r\n<meta property=\"og:site_name\" content=\"Agri Sciences\" \/>\r\n<meta property=\"article:modified_time\" content=\"2020-04-25T12:21:55+00:00\" \/>\r\n<meta property=\"og:image\" content=\"http:\/\/ysmnet.com\/agri\/wordpress\/wp-content\/uploads\/2019\/12\/about_bg.jpg\" \/>\r\n<meta name=\"twitter:card\" content=\"summary_large_image\" \/>\r\n<meta name=\"twitter:label1\" content=\"Est. reading time\" \/>\n\t<meta name=\"twitter:data1\" content=\"1 minute\" \/>\r\n<script type=\"application\/ld+json\" class=\"yoast-schema-graph\">{\"@context\":\"https:\/\/schema.org\",\"@graph\":[{\"@type\":\"WebPage\",\"@id\":\"https:\/\/agri-sci.com\/?page_id=51\",\"url\":\"https:\/\/agri-sci.com\/?page_id=51\",\"name\":\"Sobre - Agri Sciences\",\"isPartOf\":{\"@id\":\"https:\/\/agri-sci.com\/#website\"},\"primaryImageOfPage\":{\"@id\":\"https:\/\/agri-sci.com\/?page_id=51#primaryimage\"},\"image\":{\"@id\":\"https:\/\/agri-sci.com\/?page_id=51#primaryimage\"},\"thumbnailUrl\":\"http:\/\/ysmnet.com\/agri\/wordpress\/wp-content\/uploads\/2019\/12\/about_bg.jpg\",\"datePublished\":\"2020-02-19T04:21:50+00:00\",\"dateModified\":\"2020-04-25T12:21:55+00:00\",\"breadcrumb\":{\"@id\":\"https:\/\/agri-sci.com\/?page_id=51#breadcrumb\"},\"inLanguage\":\"en-US\",\"potentialAction\":[{\"@type\":\"ReadAction\",\"target\":[\"https:\/\/agri-sci.com\/?page_id=51\"]}]},{\"@type\":\"ImageObject\",\"inLanguage\":\"en-US\",\"@id\":\"https:\/\/agri-sci.com\/?page_id=51#primaryimage\",\"url\":\"http:\/\/ysmnet.com\/agri\/wordpress\/wp-content\/uploads\/2019\/12\/about_bg.jpg\",\"contentUrl\":\"http:\/\/ysmnet.com\/agri\/wordpress\/wp-content\/uploads\/2019\/12\/about_bg.jpg\"},{\"@type\":\"BreadcrumbList\",\"@id\":\"https:\/\/agri-sci.com\/?page_id=51#breadcrumb\",\"itemListElement\":[{\"@type\":\"ListItem\",\"position\":1,\"name\":\"Home\",\"item\":\"https:\/\/agri-sci.com\/\"},{\"@type\":\"ListItem\",\"position\":2,\"name\":\"Sobre\"}]},{\"@type\":\"WebSite\",\"@id\":\"https:\/\/agri-sci.com\/#website\",\"url\":\"https:\/\/agri-sci.com\/\",\"name\":\"Agri Sciences\",\"description\":\"a wide range of crop-protection products, including specialty fertilizers, pesticides and seed-care products\",\"potentialAction\":[{\"@type\":\"SearchAction\",\"target\":{\"@type\":\"EntryPoint\",\"urlTemplate\":\"https:\/\/agri-sci.com\/?s={search_term_string}\"},\"query-input\":\"required name=search_term_string\"}],\"inLanguage\":\"en-US\"}]}<\/script>\r\n<!-- \/ Yoast SEO plugin. -->","yoast_head_json":{"title":"Sobre - Agri Sciences","robots":{"index":"index","follow":"follow","max-snippet":"max-snippet:-1","max-image-preview":"max-image-preview:large","max-video-preview":"max-video-preview:-1"},"canonical":"https:\/\/agri-sci.com\/?page_id=51","og_locale":"en_US","og_type":"article","og_title":"Sobre - Agri Sciences","og_url":"https:\/\/agri-sci.com\/?page_id=51","og_site_name":"Agri Sciences","article_modified_time":"2020-04-25T12:21:55+00:00","og_image":[{"url":"http:\/\/ysmnet.com\/agri\/wordpress\/wp-content\/uploads\/2019\/12\/about_bg.jpg"}],"twitter_card":"summary_large_image","twitter_misc":{"Est. reading time":"1 minute"},"schema":{"@context":"https:\/\/schema.org","@graph":[{"@type":"WebPage","@id":"https:\/\/agri-sci.com\/?page_id=51","url":"https:\/\/agri-sci.com\/?page_id=51","name":"Sobre - Agri Sciences","isPartOf":{"@id":"https:\/\/agri-sci.com\/#website"},"primaryImageOfPage":{"@id":"https:\/\/agri-sci.com\/?page_id=51#primaryimage"},"image":{"@id":"https:\/\/agri-sci.com\/?page_id=51#primaryimage"},"thumbnailUrl":"http:\/\/ysmnet.com\/agri\/wordpress\/wp-content\/uploads\/2019\/12\/about_bg.jpg","datePublished":"2020-02-19T04:21:50+00:00","dateModified":"2020-04-25T12:21:55+00:00","breadcrumb":{"@id":"https:\/\/agri-sci.com\/?page_id=51#breadcrumb"},"inLanguage":"en-US","potentialAction":[{"@type":"ReadAction","target":["https:\/\/agri-sci.com\/?page_id=51"]}]},{"@type":"ImageObject","inLanguage":"en-US","@id":"https:\/\/agri-sci.com\/?page_id=51#primaryimage","url":"http:\/\/ysmnet.com\/agri\/wordpress\/wp-content\/uploads\/2019\/12\/about_bg.jpg","contentUrl":"http:\/\/ysmnet.com\/agri\/wordpress\/wp-content\/uploads\/2019\/12\/about_bg.jpg"},{"@type":"BreadcrumbList","@id":"https:\/\/agri-sci.com\/?page_id=51#breadcrumb","itemListElement":[{"@type":"ListItem","position":1,"name":"Home","item":"https:\/\/agri-sci.com\/"},{"@type":"ListItem","position":2,"name":"Sobre"}]},{"@type":"WebSite","@id":"https:\/\/agri-sci.com\/#website","url":"https:\/\/agri-sci.com\/","name":"Agri Sciences","description":"a wide range of crop-protection products, including specialty fertilizers, pesticides and seed-care products","potentialAction":[{"@type":"SearchAction","target":{"@type":"EntryPoint","urlTemplate":"https:\/\/agri-sci.com\/?s={search_term_string}"},"query-input":"required name=search_term_string"}],"inLanguage":"en-US"}]}},"_links":{"self":[{"href":"https:\/\/agri-sci.com\/index.php?rest_route=\/wp\/v2\/pages\/4045","targetHints":{"allow":["GET"]}}],"collection":[{"href":"https:\/\/agri-sci.com\/index.php?rest_route=\/wp\/v2\/pages"}],"about":[{"href":"https:\/\/agri-sci.com\/index.php?rest_route=\/wp\/v2\/types\/page"}],"author":[{"embeddable":true,"href":"https:\/\/agri-sci.com\/index.php?rest_route=\/wp\/v2\/users\/2"}],"replies":[{"embeddable":true,"href":"https:\/\/agri-sci.com\/index.php?rest_route=%2Fwp%2Fv2%2Fcomments&post=4045"}],"version-history":[{"count":2,"href":"https:\/\/agri-sci.com\/index.php?rest_route=\/wp\/v2\/pages\/4045\/revisions"}],"predecessor-version":[{"id":4429,"href":"https:\/\/agri-sci.com\/index.php?rest_route=\/wp\/v2\/pages\/4045\/revisions\/4429"}],"wp:attachment":[{"href":"https:\/\/agri-sci.com\/index.php?rest_route=%2Fwp%2Fv2%2Fmedia&parent=4045"}],"curies":[{"name":"wp","href":"https:\/\/api.w.org\/{rel}","templated":true}]}}