{"id":3965,"date":"2020-01-20T12:55:13","date_gmt":"2020-01-20T12:55:13","guid":{"rendered":"http:\/\/agri-sci.com\/?page_id=3965"},"modified":"2020-01-23T10:21:45","modified_gmt":"2020-01-23T10:21:45","slug":"ar-ge","status":"publish","type":"page","link":"https:\/\/agri-sci.com\/?page_id=3965&lang=tr","title":{"rendered":"Ar-Ge"},"content":{"rendered":"<div class=\"row mb_btm\">\n<div class=\"col-lg-6\">\n<img decoding=\"async\" class=\"alignnone showdow_img img-fluid size-full wp-image-68 img-responsive\" src=\"http:\/\/agri-sci.com\/wp-content\/uploads\/2019\/12\/rd-1-1.jpg\" alt=\"\" \/>\n<\/div>\n<div class=\"col-lg-6\">\n<h4>\u0130\u015f Geli\u015ftirme<\/h4>\n<p>\u00c7ift\u00e7iler i\u00e7in yenilik\u00e7i \u00e7\u00f6z\u00fcmler \u00fcreterek uluslararas\u0131 piyasada i\u015fimizi her ge\u00e7en y\u0131l b\u00fcy\u00fctmeye devam ediyoruz. \u00dcr\u00fcn portf\u00f6y\u00fcm\u00fcz bir\u00e7ok iyi bilinen tescilli markay\u0131 kapsamaktad\u0131r. Geni\u015f a\u011f\u0131m\u0131z sayesinde hizmet sa\u011flad\u0131\u011f\u0131m\u0131z piyasalardaki taleplerden her zaman haberdar\u0131z. Stratejimizle, a\u015fa\u011f\u0131dakileri ama\u00e7lamaktay\u0131z:<\/p>\n<ul>\n<li>Orta Do\u011fu ve Kuzey Afrika (MENA) b\u00f6lgesindeki -piyasa pay\u0131m\u0131z\u0131 art\u0131rmak<\/li>\n<li>Latin Amerika (LATAM), Afrika ve Do\u011fu Avrupa&#8217;da -piyasa pay\u0131 kazanmak<\/li>\n<li>Lisans\u0131 al\u0131nacak form\u00fclasyonlar i\u00e7in tercih edelin i\u015f orta\u011f\u0131 olmak<\/li>\n<li>\u00c7\u00f6z\u00fcm odakl\u0131 \u00fcr\u00fcn portf\u00f6y\u00fcm\u00fcz\u00fc geni\u015fletmek<\/li>\n<li>M\u00fc\u015fterilerimize ve payda\u015flar\u0131m\u0131za hak ettikleri katma de\u011feri sa\u011flamak<\/li>\n<\/ul>\n<\/div>\n<\/div>\n<div class=\"row mb_btm\">\n<div class=\"col-lg-6\">\n<h4>Lisans Kulland\u0131rma<\/h4>\n<p>Orta Do\u011fu ve Kuzey Afrika bitki koruma piyasas\u0131 b\u00fcy\u00fcmektedir. Bu piyasa karma\u015f\u0131k ve \u00e7e\u015fitlilik arz etmekte, t\u00fcm \u00f6nemli payda\u015flara ula\u015fmak i\u00e7in iyi bir servis a\u011f\u0131 gerekmektedir. Bu durum, baz\u0131 \u00e7ok uluslu \u015firketler i\u00e7in engeller i\u00e7eren bir s\u00fcre\u00e7 olabilir. Ancak Agri Sciences bu zorlu piyasaya uyum sa\u011flamak i\u00e7in do\u011fru altyap\u0131ya sahiptir.<\/p>\n<p>Deneyimli ekibimizle \u00e7e\u015fitli pazarlarda bitki koruma \u00fcr\u00fcnlerini geli\u015ftirebilmekte ve tescil i\u015flemlerini ba\u015far\u0131yla yapabilmektedir.\n<\/p><\/div>\n<div class=\"col-lg-6\">\n<img decoding=\"async\" class=\"alignnone showdow_img img-fluid size-full wp-image-68 img-responsive\" src=\"http:\/\/agri-sci.com\/wp-content\/uploads\/2019\/12\/rd-2.jpg\" alt=\"\" \/>\n<\/div>\n<\/div>\n<div class=\"row mb_btm\">\n<div class=\"col-lg-6\">\n<img decoding=\"async\" class=\"alignnone showdow_img img-fluid size-full wp-image-68 img-responsive\" src=\"http:\/\/agri-sci.com\/wp-content\/uploads\/2019\/12\/rd-3.jpg\" alt=\"\" \/>\n<\/div>\n<div class=\"col-lg-6\">\n<h4>Sat\u0131\u015f ve Pazarlama<\/h4>\n<p>Sat\u0131\u015f ve Pazarlama ekibimiz \u00fcr\u00fcn portfolyomuzu en uygun hale getirmek i\u00e7in s\u00fcrekli birbirleriyle ileti\u015fim halinde \u00e7al\u0131\u015f\u0131rlar.<\/p>\n<p>Agri Sciences g\u00fcc\u00fcn\u00fc, deneyimli Sat\u0131\u015f ve Pazarlama ekiplerinden, \u00fcr\u00fcn piyasa \u00e7al\u0131\u015fmalar\u0131ndan ve portfolyo y\u00f6netiminden al\u0131r.<\/p>\n<ul>\n<li>Sat\u0131\u015f Sonras\u0131 Hizmetler<\/li>\n<li>Etkili \u00dccretlendirme Stratejileri<\/li>\n<li>Uzman Kadro<\/li>\n<li>K\u00fcresel Eri\u015fim<\/li>\n<\/ul>\n<\/div>\n<\/div>\n<div class=\"row mb_btm\">\n<div class=\"col-lg-6\">\n<img decoding=\"async\" class=\"alignnone showdow_img img-fluid size-full wp-image-68 img-responsive\" src=\"http:\/\/agri-sci.com\/wp-content\/uploads\/2019\/12\/rd-4.jpg\" alt=\"\" \/>\n<\/div>\n<div class=\"col-lg-6\">\n<h4>Agri Sciences Agrokimyasal Teknolojiler<\/h4>\n<p>1. SC form\u00fclasyonlar \u2013 Islak \u00f6\u011f\u00fctme<br \/>\n2. EC, EW ve Microem\u00fclsiyon form\u00fclasyonlar<br \/>\n3. Ekstr\u00fczyon y\u00f6ntemiyle Gran\u00fcl tipi form\u00fclasyonlar<br \/>\n4. Mikroenkaps\u00fclasyon form\u00fclasyonlar<br \/>\n5. Haval\u0131 de\u011firmen y\u00f6ntemiyle WP, Dust form\u00fclasyonlar\n<\/p><\/div>\n<\/div>\n<h4>Agri Sciences Ara\u015ft\u0131rma ve Geli\u015ftirme<\/h4>\n<p>Agri Sciences \u015firketinin teknik ekibi olduk\u00e7a kalifiye olup yeni form\u00fcller ve yarat\u0131c\u0131 \u00fcr\u00fcnler geli\u015ftirme konusunda olduk\u00e7a ba\u015far\u0131l\u0131d\u0131r.<\/p>\n<p>Agri Sciences, dinamik Ar-Ge program\u0131yla, \u00f6zellikle \u00fcr\u00fcn geli\u015ftirme stratejimiz herhangi bir k\u00fcresel problemi hedef ald\u0131\u011f\u0131nda geni\u015f bir piyasa istihbarat\u0131 ve teknik geri bildirim elde eder.<\/p>\n<p>Ar-Ge olanaklar\u0131 en y\u00fcksek standartta \u00e7evre a\u00e7\u0131s\u0131ndan g\u00fcvenli formulasyonu garanti etmek i\u00e7in tasarlanm\u0131\u015ft\u0131r ve patent teknolojilerindeki en yeni geli\u015fmeleri benimser.<\/p>\n<p>Tak\u0131m\u0131m\u0131z\u0131n istikrarl\u0131 ve durmak bilmeyen \u00e7abalar\u0131yla yenilik\u00e7i \u00fcr\u00fcnler portfolyomuza eklenmi\u015ftir.<\/p>\n<p>Y\u00fcksek teknolojili ekipmanlar\u0131m\u0131z ve geli\u015fmi\u015f tesisler imiz, yarat\u0131c\u0131 sonu\u00e7lar ve daha az zamanda daha \u00e7ok \u00fcr\u00fcn elde etmemize yard\u0131mc\u0131 olmaktad\u0131r. \u00c7al\u0131\u015fmalar\u0131m\u0131zdan baz\u0131lar\u0131 a\u015fa\u011f\u0131dakileri i\u00e7erir:<\/p>\n<ul>\n<li>Yenilik\u00e7i \u00fcr\u00fcn kar\u0131\u015f\u0131mlar\u0131n\u0131n yan\u0131 s\u0131ra yeni ve geli\u015fmi\u015f \u00fcr\u00fcn formulasyonu geli\u015ftirmek. <\/li>\n<li>\u00dcr\u00fcn art\u0131r\u0131m\u0131, proje tasar\u0131m\u0131 ve onay\u0131<\/li>\n<\/ul>\n","protected":false},"excerpt":{"rendered":"<p>\u0130\u015f Geli\u015ftirme \u00c7ift\u00e7iler i\u00e7in yenilik\u00e7i \u00e7\u00f6z\u00fcmler \u00fcreterek uluslararas\u0131 piyasada i\u015fimizi her ge\u00e7en y\u0131l b\u00fcy\u00fctmeye devam ediyoruz. \u00dcr\u00fcn portf\u00f6y\u00fcm\u00fcz bir\u00e7ok iyi bilinen tescilli markay\u0131 kapsamaktad\u0131r. Geni\u015f a\u011f\u0131m\u0131z sayesinde hizmet sa\u011flad\u0131\u011f\u0131m\u0131z piyasalardaki taleplerden her zaman haberdar\u0131z. Stratejimizle, a\u015fa\u011f\u0131dakileri ama\u00e7lamaktay\u0131z: Orta Do\u011fu ve Kuzey Afrika (MENA) b\u00f6lgesindeki -piyasa pay\u0131m\u0131z\u0131 art\u0131rmak Latin Amerika (LATAM), Afrika ve Do\u011fu Avrupa&#8217;da -piyasa [&hellip;]<\/p>\n","protected":false},"author":2,"featured_media":0,"parent":0,"menu_order":0,"comment_status":"closed","ping_status":"closed","template":"","meta":{"footnotes":""},"class_list":["post-3965","page","type-page","status-publish","hentry"],"yoast_head":"<!-- This site is optimized with the Yoast SEO plugin v22.7 - https:\/\/yoast.com\/wordpress\/plugins\/seo\/ -->\r\n<title>Ar-Ge - Agri Sciences<\/title>\r\n<meta name=\"robots\" content=\"index, follow, max-snippet:-1, max-image-preview:large, max-video-preview:-1\" \/>\r\n<link rel=\"canonical\" href=\"https:\/\/agri-sci.com\/?page_id=71\" \/>\r\n<meta property=\"og:locale\" content=\"en_US\" \/>\r\n<meta property=\"og:type\" content=\"article\" \/>\r\n<meta property=\"og:title\" content=\"Ar-Ge - Agri Sciences\" \/>\r\n<meta property=\"og:url\" content=\"https:\/\/agri-sci.com\/?page_id=71\" \/>\r\n<meta property=\"og:site_name\" content=\"Agri Sciences\" \/>\r\n<meta property=\"article:modified_time\" content=\"2020-01-23T10:21:45+00:00\" \/>\r\n<meta property=\"og:image\" content=\"http:\/\/agri-sci.com\/wp-content\/uploads\/2019\/12\/rd-1-1.jpg\" \/>\r\n<meta name=\"twitter:card\" content=\"summary_large_image\" \/>\r\n<meta name=\"twitter:label1\" content=\"Est. reading time\" \/>\n\t<meta name=\"twitter:data1\" content=\"2 minutes\" \/>\r\n<script type=\"application\/ld+json\" class=\"yoast-schema-graph\">{\"@context\":\"https:\/\/schema.org\",\"@graph\":[{\"@type\":\"WebPage\",\"@id\":\"https:\/\/agri-sci.com\/?page_id=71\",\"url\":\"https:\/\/agri-sci.com\/?page_id=71\",\"name\":\"Ar-Ge - Agri Sciences\",\"isPartOf\":{\"@id\":\"https:\/\/agri-sci.com\/#website\"},\"primaryImageOfPage\":{\"@id\":\"https:\/\/agri-sci.com\/?page_id=71#primaryimage\"},\"image\":{\"@id\":\"https:\/\/agri-sci.com\/?page_id=71#primaryimage\"},\"thumbnailUrl\":\"http:\/\/agri-sci.com\/wp-content\/uploads\/2019\/12\/rd-1-1.jpg\",\"datePublished\":\"2020-01-20T12:55:13+00:00\",\"dateModified\":\"2020-01-23T10:21:45+00:00\",\"breadcrumb\":{\"@id\":\"https:\/\/agri-sci.com\/?page_id=71#breadcrumb\"},\"inLanguage\":\"en-US\",\"potentialAction\":[{\"@type\":\"ReadAction\",\"target\":[\"https:\/\/agri-sci.com\/?page_id=71\"]}]},{\"@type\":\"ImageObject\",\"inLanguage\":\"en-US\",\"@id\":\"https:\/\/agri-sci.com\/?page_id=71#primaryimage\",\"url\":\"http:\/\/agri-sci.com\/wp-content\/uploads\/2019\/12\/rd-1-1.jpg\",\"contentUrl\":\"http:\/\/agri-sci.com\/wp-content\/uploads\/2019\/12\/rd-1-1.jpg\"},{\"@type\":\"BreadcrumbList\",\"@id\":\"https:\/\/agri-sci.com\/?page_id=71#breadcrumb\",\"itemListElement\":[{\"@type\":\"ListItem\",\"position\":1,\"name\":\"Home\",\"item\":\"https:\/\/agri-sci.com\/\"},{\"@type\":\"ListItem\",\"position\":2,\"name\":\"Ar-Ge\"}]},{\"@type\":\"WebSite\",\"@id\":\"https:\/\/agri-sci.com\/#website\",\"url\":\"https:\/\/agri-sci.com\/\",\"name\":\"Agri Sciences\",\"description\":\"a wide range of crop-protection products, including specialty fertilizers, pesticides and seed-care products\",\"potentialAction\":[{\"@type\":\"SearchAction\",\"target\":{\"@type\":\"EntryPoint\",\"urlTemplate\":\"https:\/\/agri-sci.com\/?s={search_term_string}\"},\"query-input\":\"required name=search_term_string\"}],\"inLanguage\":\"en-US\"}]}<\/script>\r\n<!-- \/ Yoast SEO plugin. -->","yoast_head_json":{"title":"Ar-Ge - Agri Sciences","robots":{"index":"index","follow":"follow","max-snippet":"max-snippet:-1","max-image-preview":"max-image-preview:large","max-video-preview":"max-video-preview:-1"},"canonical":"https:\/\/agri-sci.com\/?page_id=71","og_locale":"en_US","og_type":"article","og_title":"Ar-Ge - Agri Sciences","og_url":"https:\/\/agri-sci.com\/?page_id=71","og_site_name":"Agri Sciences","article_modified_time":"2020-01-23T10:21:45+00:00","og_image":[{"url":"http:\/\/agri-sci.com\/wp-content\/uploads\/2019\/12\/rd-1-1.jpg"}],"twitter_card":"summary_large_image","twitter_misc":{"Est. reading time":"2 minutes"},"schema":{"@context":"https:\/\/schema.org","@graph":[{"@type":"WebPage","@id":"https:\/\/agri-sci.com\/?page_id=71","url":"https:\/\/agri-sci.com\/?page_id=71","name":"Ar-Ge - Agri Sciences","isPartOf":{"@id":"https:\/\/agri-sci.com\/#website"},"primaryImageOfPage":{"@id":"https:\/\/agri-sci.com\/?page_id=71#primaryimage"},"image":{"@id":"https:\/\/agri-sci.com\/?page_id=71#primaryimage"},"thumbnailUrl":"http:\/\/agri-sci.com\/wp-content\/uploads\/2019\/12\/rd-1-1.jpg","datePublished":"2020-01-20T12:55:13+00:00","dateModified":"2020-01-23T10:21:45+00:00","breadcrumb":{"@id":"https:\/\/agri-sci.com\/?page_id=71#breadcrumb"},"inLanguage":"en-US","potentialAction":[{"@type":"ReadAction","target":["https:\/\/agri-sci.com\/?page_id=71"]}]},{"@type":"ImageObject","inLanguage":"en-US","@id":"https:\/\/agri-sci.com\/?page_id=71#primaryimage","url":"http:\/\/agri-sci.com\/wp-content\/uploads\/2019\/12\/rd-1-1.jpg","contentUrl":"http:\/\/agri-sci.com\/wp-content\/uploads\/2019\/12\/rd-1-1.jpg"},{"@type":"BreadcrumbList","@id":"https:\/\/agri-sci.com\/?page_id=71#breadcrumb","itemListElement":[{"@type":"ListItem","position":1,"name":"Home","item":"https:\/\/agri-sci.com\/"},{"@type":"ListItem","position":2,"name":"Ar-Ge"}]},{"@type":"WebSite","@id":"https:\/\/agri-sci.com\/#website","url":"https:\/\/agri-sci.com\/","name":"Agri Sciences","description":"a wide range of crop-protection products, including specialty fertilizers, pesticides and seed-care products","potentialAction":[{"@type":"SearchAction","target":{"@type":"EntryPoint","urlTemplate":"https:\/\/agri-sci.com\/?s={search_term_string}"},"query-input":"required name=search_term_string"}],"inLanguage":"en-US"}]}},"_links":{"self":[{"href":"https:\/\/agri-sci.com\/index.php?rest_route=\/wp\/v2\/pages\/3965","targetHints":{"allow":["GET"]}}],"collection":[{"href":"https:\/\/agri-sci.com\/index.php?rest_route=\/wp\/v2\/pages"}],"about":[{"href":"https:\/\/agri-sci.com\/index.php?rest_route=\/wp\/v2\/types\/page"}],"author":[{"embeddable":true,"href":"https:\/\/agri-sci.com\/index.php?rest_route=\/wp\/v2\/users\/2"}],"replies":[{"embeddable":true,"href":"https:\/\/agri-sci.com\/index.php?rest_route=%2Fwp%2Fv2%2Fcomments&post=3965"}],"version-history":[{"count":4,"href":"https:\/\/agri-sci.com\/index.php?rest_route=\/wp\/v2\/pages\/3965\/revisions"}],"predecessor-version":[{"id":4041,"href":"https:\/\/agri-sci.com\/index.php?rest_route=\/wp\/v2\/pages\/3965\/revisions\/4041"}],"wp:attachment":[{"href":"https:\/\/agri-sci.com\/index.php?rest_route=%2Fwp%2Fv2%2Fmedia&parent=3965"}],"curies":[{"name":"wp","href":"https:\/\/api.w.org\/{rel}","templated":true}]}}