{"id":3961,"date":"2020-01-20T12:35:27","date_gmt":"2020-01-20T12:35:27","guid":{"rendered":"http:\/\/agri-sci.com\/?page_id=3961"},"modified":"2020-01-23T10:20:03","modified_gmt":"2020-01-23T10:20:03","slug":"stratejimiz","status":"publish","type":"page","link":"https:\/\/agri-sci.com\/?page_id=3961&lang=tr","title":{"rendered":"Stratejimiz"},"content":{"rendered":"<div class=\"row\">\n<div class=\"col-sm-5 align-self-center\">\n<h5><img loading=\"lazy\" decoding=\"async\" width=\"700\" height=\"358\" src=\"http:\/\/agri-sci.com\/wp-content\/uploads\/2019\/12\/fabrika8.jpg\" alt=\"\" class=\"alignnone img-fluid showdow_img size-full wp-image-68 img-responsive\" srcset=\"https:\/\/agri-sci.com\/wp-content\/uploads\/2019\/12\/fabrika8.jpg 700w, https:\/\/agri-sci.com\/wp-content\/uploads\/2019\/12\/fabrika8-300x153.jpg 300w\" sizes=\"auto, (max-width: 700px) 100vw, 700px\" \/><\/h5>\n<\/div>\n<div class=\"col-sm-7 align-self-center\">\n<h5>S\u00fcrd\u00fcr\u00fclebilir bir gelecek i\u00e7in markal\u0131 bitkl koruma \u00fcr\u00fcnleri \u00fcretmek<\/h5>\n<p>Buradaki odak noktam\u0131z, kullan\u0131lan topra\u011fa a\u015final\u0131k kazanarak, bitkiyi anlayarak, \u00e7ift\u00e7iyi tan\u0131yarak, s\u00fcrd\u00fcr\u00fclebilir uygulamalar\u0131 devam ettirerek, zararl\u0131yla m\u00fccadelenin daha g\u00fc\u00e7l\u00fc h\u00e2le gelmesi i\u00e7in tasarlanm\u0131\u015f \u00e7evre dostu \u00fcr\u00fcnler yaratmakt\u0131r.\n<\/p><\/div>\n<\/div>\n<p>Bilimsel olarak kan\u0131tlanm\u0131\u015f y\u00f6ntemlerimiz d\u00fcnyam\u0131z\u0131n gelece\u011fini \u015fekillendiren \u00fcr\u00fcnler sunmam\u0131z\u0131 sa\u011flamaktad\u0131r. \u0130\u015fimizi tutkuyla yapmam\u0131z, birinci s\u0131n\u0131f jenerik mahsul koruma pestisitleri yaratmam\u0131z\u0131 ve m\u00fc\u015fterilerimizin, ortaklar\u0131m\u0131z\u0131n, payda\u015flar\u0131m\u0131z\u0131n ihtiya\u00e7lar\u0131na hitap eden hizmetler sunmam\u0131z\u0131 sa\u011flamaktad\u0131r. <\/p>\n<p>Agri Sciences, kendini son teknoloji Ar-Ge Laboratuvar\u0131m\u0131z -sayesinde, tar\u0131mdaki kilit zorluklar\u0131 ele alan yenilik\u00e7i \u00e7\u00f6z\u00fcmler bulmaya adam\u0131\u015ft\u0131r.<\/p>\n","protected":false},"excerpt":{"rendered":"<p>S\u00fcrd\u00fcr\u00fclebilir bir gelecek i\u00e7in markal\u0131 bitkl koruma \u00fcr\u00fcnleri \u00fcretmek Buradaki odak noktam\u0131z, kullan\u0131lan topra\u011fa a\u015final\u0131k kazanarak, bitkiyi anlayarak, \u00e7ift\u00e7iyi tan\u0131yarak, s\u00fcrd\u00fcr\u00fclebilir uygulamalar\u0131 devam ettirerek, zararl\u0131yla m\u00fccadelenin daha g\u00fc\u00e7l\u00fc h\u00e2le gelmesi i\u00e7in tasarlanm\u0131\u015f \u00e7evre dostu \u00fcr\u00fcnler yaratmakt\u0131r. Bilimsel olarak kan\u0131tlanm\u0131\u015f y\u00f6ntemlerimiz d\u00fcnyam\u0131z\u0131n gelece\u011fini \u015fekillendiren \u00fcr\u00fcnler sunmam\u0131z\u0131 sa\u011flamaktad\u0131r. \u0130\u015fimizi tutkuyla yapmam\u0131z, birinci s\u0131n\u0131f jenerik mahsul koruma pestisitleri [&hellip;]<\/p>\n","protected":false},"author":2,"featured_media":0,"parent":234,"menu_order":0,"comment_status":"closed","ping_status":"closed","template":"","meta":{"footnotes":""},"class_list":["post-3961","page","type-page","status-publish","hentry"],"yoast_head":"<!-- This site is optimized with the Yoast SEO plugin v22.7 - https:\/\/yoast.com\/wordpress\/plugins\/seo\/ -->\r\n<title>Stratejimiz - Agri Sciences<\/title>\r\n<meta name=\"robots\" content=\"index, follow, max-snippet:-1, max-image-preview:large, max-video-preview:-1\" \/>\r\n<link rel=\"canonical\" href=\"https:\/\/agri-sci.com\/?page_id=65\" \/>\r\n<meta property=\"og:locale\" content=\"en_US\" \/>\r\n<meta property=\"og:type\" content=\"article\" \/>\r\n<meta property=\"og:title\" content=\"Stratejimiz - Agri Sciences\" \/>\r\n<meta property=\"og:url\" content=\"https:\/\/agri-sci.com\/?page_id=65\" \/>\r\n<meta property=\"og:site_name\" content=\"Agri Sciences\" \/>\r\n<meta property=\"article:modified_time\" content=\"2020-01-23T10:20:03+00:00\" \/>\r\n<meta property=\"og:image\" content=\"http:\/\/agri-sci.com\/wp-content\/uploads\/2019\/12\/fabrika8.jpg\" \/>\r\n<meta name=\"twitter:card\" content=\"summary_large_image\" \/>\r\n<meta name=\"twitter:label1\" content=\"Est. reading time\" \/>\n\t<meta name=\"twitter:data1\" content=\"1 minute\" \/>\r\n<script type=\"application\/ld+json\" class=\"yoast-schema-graph\">{\"@context\":\"https:\/\/schema.org\",\"@graph\":[{\"@type\":\"WebPage\",\"@id\":\"https:\/\/agri-sci.com\/?page_id=65\",\"url\":\"https:\/\/agri-sci.com\/?page_id=65\",\"name\":\"Stratejimiz - Agri Sciences\",\"isPartOf\":{\"@id\":\"https:\/\/agri-sci.com\/#website\"},\"primaryImageOfPage\":{\"@id\":\"https:\/\/agri-sci.com\/?page_id=65#primaryimage\"},\"image\":{\"@id\":\"https:\/\/agri-sci.com\/?page_id=65#primaryimage\"},\"thumbnailUrl\":\"http:\/\/agri-sci.com\/wp-content\/uploads\/2019\/12\/fabrika8.jpg\",\"datePublished\":\"2020-01-20T12:35:27+00:00\",\"dateModified\":\"2020-01-23T10:20:03+00:00\",\"breadcrumb\":{\"@id\":\"https:\/\/agri-sci.com\/?page_id=65#breadcrumb\"},\"inLanguage\":\"en-US\",\"potentialAction\":[{\"@type\":\"ReadAction\",\"target\":[\"https:\/\/agri-sci.com\/?page_id=65\"]}]},{\"@type\":\"ImageObject\",\"inLanguage\":\"en-US\",\"@id\":\"https:\/\/agri-sci.com\/?page_id=65#primaryimage\",\"url\":\"http:\/\/agri-sci.com\/wp-content\/uploads\/2019\/12\/fabrika8.jpg\",\"contentUrl\":\"http:\/\/agri-sci.com\/wp-content\/uploads\/2019\/12\/fabrika8.jpg\"},{\"@type\":\"BreadcrumbList\",\"@id\":\"https:\/\/agri-sci.com\/?page_id=65#breadcrumb\",\"itemListElement\":[{\"@type\":\"ListItem\",\"position\":1,\"name\":\"Home\",\"item\":\"https:\/\/agri-sci.com\/\"},{\"@type\":\"ListItem\",\"position\":2,\"name\":\"Hakk\u0131m\u0131zda\",\"item\":\"https:\/\/agri-sci.com\/?page_id=51\"},{\"@type\":\"ListItem\",\"position\":3,\"name\":\"Stratejimiz\"}]},{\"@type\":\"WebSite\",\"@id\":\"https:\/\/agri-sci.com\/#website\",\"url\":\"https:\/\/agri-sci.com\/\",\"name\":\"Agri Sciences\",\"description\":\"a wide range of crop-protection products, including specialty fertilizers, pesticides and seed-care products\",\"potentialAction\":[{\"@type\":\"SearchAction\",\"target\":{\"@type\":\"EntryPoint\",\"urlTemplate\":\"https:\/\/agri-sci.com\/?s={search_term_string}\"},\"query-input\":\"required name=search_term_string\"}],\"inLanguage\":\"en-US\"}]}<\/script>\r\n<!-- \/ Yoast SEO plugin. -->","yoast_head_json":{"title":"Stratejimiz - Agri Sciences","robots":{"index":"index","follow":"follow","max-snippet":"max-snippet:-1","max-image-preview":"max-image-preview:large","max-video-preview":"max-video-preview:-1"},"canonical":"https:\/\/agri-sci.com\/?page_id=65","og_locale":"en_US","og_type":"article","og_title":"Stratejimiz - Agri Sciences","og_url":"https:\/\/agri-sci.com\/?page_id=65","og_site_name":"Agri Sciences","article_modified_time":"2020-01-23T10:20:03+00:00","og_image":[{"url":"http:\/\/agri-sci.com\/wp-content\/uploads\/2019\/12\/fabrika8.jpg"}],"twitter_card":"summary_large_image","twitter_misc":{"Est. reading time":"1 minute"},"schema":{"@context":"https:\/\/schema.org","@graph":[{"@type":"WebPage","@id":"https:\/\/agri-sci.com\/?page_id=65","url":"https:\/\/agri-sci.com\/?page_id=65","name":"Stratejimiz - Agri Sciences","isPartOf":{"@id":"https:\/\/agri-sci.com\/#website"},"primaryImageOfPage":{"@id":"https:\/\/agri-sci.com\/?page_id=65#primaryimage"},"image":{"@id":"https:\/\/agri-sci.com\/?page_id=65#primaryimage"},"thumbnailUrl":"http:\/\/agri-sci.com\/wp-content\/uploads\/2019\/12\/fabrika8.jpg","datePublished":"2020-01-20T12:35:27+00:00","dateModified":"2020-01-23T10:20:03+00:00","breadcrumb":{"@id":"https:\/\/agri-sci.com\/?page_id=65#breadcrumb"},"inLanguage":"en-US","potentialAction":[{"@type":"ReadAction","target":["https:\/\/agri-sci.com\/?page_id=65"]}]},{"@type":"ImageObject","inLanguage":"en-US","@id":"https:\/\/agri-sci.com\/?page_id=65#primaryimage","url":"http:\/\/agri-sci.com\/wp-content\/uploads\/2019\/12\/fabrika8.jpg","contentUrl":"http:\/\/agri-sci.com\/wp-content\/uploads\/2019\/12\/fabrika8.jpg"},{"@type":"BreadcrumbList","@id":"https:\/\/agri-sci.com\/?page_id=65#breadcrumb","itemListElement":[{"@type":"ListItem","position":1,"name":"Home","item":"https:\/\/agri-sci.com\/"},{"@type":"ListItem","position":2,"name":"Hakk\u0131m\u0131zda","item":"https:\/\/agri-sci.com\/?page_id=51"},{"@type":"ListItem","position":3,"name":"Stratejimiz"}]},{"@type":"WebSite","@id":"https:\/\/agri-sci.com\/#website","url":"https:\/\/agri-sci.com\/","name":"Agri Sciences","description":"a wide range of crop-protection products, including specialty fertilizers, pesticides and seed-care products","potentialAction":[{"@type":"SearchAction","target":{"@type":"EntryPoint","urlTemplate":"https:\/\/agri-sci.com\/?s={search_term_string}"},"query-input":"required name=search_term_string"}],"inLanguage":"en-US"}]}},"_links":{"self":[{"href":"https:\/\/agri-sci.com\/index.php?rest_route=\/wp\/v2\/pages\/3961","targetHints":{"allow":["GET"]}}],"collection":[{"href":"https:\/\/agri-sci.com\/index.php?rest_route=\/wp\/v2\/pages"}],"about":[{"href":"https:\/\/agri-sci.com\/index.php?rest_route=\/wp\/v2\/types\/page"}],"author":[{"embeddable":true,"href":"https:\/\/agri-sci.com\/index.php?rest_route=\/wp\/v2\/users\/2"}],"replies":[{"embeddable":true,"href":"https:\/\/agri-sci.com\/index.php?rest_route=%2Fwp%2Fv2%2Fcomments&post=3961"}],"version-history":[{"count":2,"href":"https:\/\/agri-sci.com\/index.php?rest_route=\/wp\/v2\/pages\/3961\/revisions"}],"predecessor-version":[{"id":4040,"href":"https:\/\/agri-sci.com\/index.php?rest_route=\/wp\/v2\/pages\/3961\/revisions\/4040"}],"up":[{"embeddable":true,"href":"https:\/\/agri-sci.com\/index.php?rest_route=\/wp\/v2\/pages\/234"}],"wp:attachment":[{"href":"https:\/\/agri-sci.com\/index.php?rest_route=%2Fwp%2Fv2%2Fmedia&parent=3961"}],"curies":[{"name":"wp","href":"https:\/\/api.w.org\/{rel}","templated":true}]}}