{"id":3960,"date":"2020-01-20T12:37:09","date_gmt":"2020-01-20T12:37:09","guid":{"rendered":"http:\/\/agri-sci.com\/?page_id=3960"},"modified":"2020-01-20T12:37:09","modified_gmt":"2020-01-20T12:37:09","slug":"misyon-vizyon","status":"publish","type":"page","link":"https:\/\/agri-sci.com\/?page_id=3960&lang=tr","title":{"rendered":"Misyon &#8211; Vizyon"},"content":{"rendered":"<div class=\"row\">\n<div class=\"col-sm-7 align-self-center\">\n<h5><img loading=\"lazy\" decoding=\"async\" width=\"700\" height=\"358\" class=\"alignnone img-fluid showdow_img size-full wp-image-62 img-responsive\" src=\"http:\/\/agri-sci.com\/wp-content\/uploads\/2019\/12\/fabrika6.jpg\" alt=\"\" srcset=\"https:\/\/agri-sci.com\/wp-content\/uploads\/2019\/12\/fabrika6.jpg 700w, https:\/\/agri-sci.com\/wp-content\/uploads\/2019\/12\/fabrika6-300x153.jpg 300w\" sizes=\"auto, (max-width: 700px) 100vw, 700px\" \/><\/h5>\n<\/div>\n<div class=\"col-sm-5 align-self-center\">\n<h5>Misyonumuz<\/h5>\n<p>S\u00fcrd\u00fcr\u00fclebilir, \u00e7evre dostu bir gelecek i\u00e7in yenilik\u00e7i bitki koruma ve \u00f6zel g\u00fcbre \u00fcr\u00fcnleri \u00fcretmek.<\/p>\n<h5>Vizyonumuz<\/h5>\n<p>\u00c7ift\u00e7iler i\u00e7in tar\u0131mdaki kilit zorluklara hitap eden yenilik\u00e7i \u00e7\u00f6z\u00fcmler bulma konusunda lider bir zirai ila\u00e7 \u015firketi olmak.\n<\/p><\/div>\n<\/div>\n","protected":false},"excerpt":{"rendered":"<p>Misyonumuz S\u00fcrd\u00fcr\u00fclebilir, \u00e7evre dostu bir gelecek i\u00e7in yenilik\u00e7i bitki koruma ve \u00f6zel g\u00fcbre \u00fcr\u00fcnleri \u00fcretmek. Vizyonumuz \u00c7ift\u00e7iler i\u00e7in tar\u0131mdaki kilit zorluklara hitap eden yenilik\u00e7i \u00e7\u00f6z\u00fcmler bulma konusunda lider bir zirai ila\u00e7 \u015firketi olmak.<\/p>\n","protected":false},"author":2,"featured_media":0,"parent":234,"menu_order":0,"comment_status":"closed","ping_status":"closed","template":"","meta":{"footnotes":""},"class_list":["post-3960","page","type-page","status-publish","hentry"],"yoast_head":"<!-- This site is optimized with the Yoast SEO plugin v22.7 - https:\/\/yoast.com\/wordpress\/plugins\/seo\/ -->\r\n<title>Misyon - Vizyon - Agri Sciences<\/title>\r\n<meta name=\"robots\" content=\"index, follow, max-snippet:-1, max-image-preview:large, max-video-preview:-1\" \/>\r\n<link rel=\"canonical\" href=\"https:\/\/agri-sci.com\/?page_id=59\" \/>\r\n<meta property=\"og:locale\" content=\"en_US\" \/>\r\n<meta property=\"og:type\" content=\"article\" \/>\r\n<meta property=\"og:title\" content=\"Misyon - Vizyon - Agri Sciences\" \/>\r\n<meta property=\"og:url\" content=\"https:\/\/agri-sci.com\/?page_id=59\" \/>\r\n<meta property=\"og:site_name\" content=\"Agri Sciences\" \/>\r\n<meta property=\"og:image\" content=\"http:\/\/agri-sci.com\/wp-content\/uploads\/2019\/12\/fabrika6.jpg\" \/>\r\n<meta name=\"twitter:card\" content=\"summary_large_image\" \/>\r\n<script type=\"application\/ld+json\" class=\"yoast-schema-graph\">{\"@context\":\"https:\/\/schema.org\",\"@graph\":[{\"@type\":\"WebPage\",\"@id\":\"https:\/\/agri-sci.com\/?page_id=59\",\"url\":\"https:\/\/agri-sci.com\/?page_id=59\",\"name\":\"Misyon - Vizyon - Agri Sciences\",\"isPartOf\":{\"@id\":\"https:\/\/agri-sci.com\/#website\"},\"primaryImageOfPage\":{\"@id\":\"https:\/\/agri-sci.com\/?page_id=59#primaryimage\"},\"image\":{\"@id\":\"https:\/\/agri-sci.com\/?page_id=59#primaryimage\"},\"thumbnailUrl\":\"http:\/\/agri-sci.com\/wp-content\/uploads\/2019\/12\/fabrika6.jpg\",\"datePublished\":\"2020-01-20T12:37:09+00:00\",\"dateModified\":\"2020-01-20T12:37:09+00:00\",\"breadcrumb\":{\"@id\":\"https:\/\/agri-sci.com\/?page_id=59#breadcrumb\"},\"inLanguage\":\"en-US\",\"potentialAction\":[{\"@type\":\"ReadAction\",\"target\":[\"https:\/\/agri-sci.com\/?page_id=59\"]}]},{\"@type\":\"ImageObject\",\"inLanguage\":\"en-US\",\"@id\":\"https:\/\/agri-sci.com\/?page_id=59#primaryimage\",\"url\":\"http:\/\/agri-sci.com\/wp-content\/uploads\/2019\/12\/fabrika6.jpg\",\"contentUrl\":\"http:\/\/agri-sci.com\/wp-content\/uploads\/2019\/12\/fabrika6.jpg\"},{\"@type\":\"BreadcrumbList\",\"@id\":\"https:\/\/agri-sci.com\/?page_id=59#breadcrumb\",\"itemListElement\":[{\"@type\":\"ListItem\",\"position\":1,\"name\":\"Home\",\"item\":\"https:\/\/agri-sci.com\/\"},{\"@type\":\"ListItem\",\"position\":2,\"name\":\"Hakk\u0131m\u0131zda\",\"item\":\"https:\/\/agri-sci.com\/?page_id=51\"},{\"@type\":\"ListItem\",\"position\":3,\"name\":\"Misyon &#8211; Vizyon\"}]},{\"@type\":\"WebSite\",\"@id\":\"https:\/\/agri-sci.com\/#website\",\"url\":\"https:\/\/agri-sci.com\/\",\"name\":\"Agri Sciences\",\"description\":\"a wide range of crop-protection products, including specialty fertilizers, pesticides and seed-care products\",\"potentialAction\":[{\"@type\":\"SearchAction\",\"target\":{\"@type\":\"EntryPoint\",\"urlTemplate\":\"https:\/\/agri-sci.com\/?s={search_term_string}\"},\"query-input\":\"required name=search_term_string\"}],\"inLanguage\":\"en-US\"}]}<\/script>\r\n<!-- \/ Yoast SEO plugin. -->","yoast_head_json":{"title":"Misyon - Vizyon - Agri Sciences","robots":{"index":"index","follow":"follow","max-snippet":"max-snippet:-1","max-image-preview":"max-image-preview:large","max-video-preview":"max-video-preview:-1"},"canonical":"https:\/\/agri-sci.com\/?page_id=59","og_locale":"en_US","og_type":"article","og_title":"Misyon - Vizyon - Agri Sciences","og_url":"https:\/\/agri-sci.com\/?page_id=59","og_site_name":"Agri Sciences","og_image":[{"url":"http:\/\/agri-sci.com\/wp-content\/uploads\/2019\/12\/fabrika6.jpg"}],"twitter_card":"summary_large_image","schema":{"@context":"https:\/\/schema.org","@graph":[{"@type":"WebPage","@id":"https:\/\/agri-sci.com\/?page_id=59","url":"https:\/\/agri-sci.com\/?page_id=59","name":"Misyon - Vizyon - Agri Sciences","isPartOf":{"@id":"https:\/\/agri-sci.com\/#website"},"primaryImageOfPage":{"@id":"https:\/\/agri-sci.com\/?page_id=59#primaryimage"},"image":{"@id":"https:\/\/agri-sci.com\/?page_id=59#primaryimage"},"thumbnailUrl":"http:\/\/agri-sci.com\/wp-content\/uploads\/2019\/12\/fabrika6.jpg","datePublished":"2020-01-20T12:37:09+00:00","dateModified":"2020-01-20T12:37:09+00:00","breadcrumb":{"@id":"https:\/\/agri-sci.com\/?page_id=59#breadcrumb"},"inLanguage":"en-US","potentialAction":[{"@type":"ReadAction","target":["https:\/\/agri-sci.com\/?page_id=59"]}]},{"@type":"ImageObject","inLanguage":"en-US","@id":"https:\/\/agri-sci.com\/?page_id=59#primaryimage","url":"http:\/\/agri-sci.com\/wp-content\/uploads\/2019\/12\/fabrika6.jpg","contentUrl":"http:\/\/agri-sci.com\/wp-content\/uploads\/2019\/12\/fabrika6.jpg"},{"@type":"BreadcrumbList","@id":"https:\/\/agri-sci.com\/?page_id=59#breadcrumb","itemListElement":[{"@type":"ListItem","position":1,"name":"Home","item":"https:\/\/agri-sci.com\/"},{"@type":"ListItem","position":2,"name":"Hakk\u0131m\u0131zda","item":"https:\/\/agri-sci.com\/?page_id=51"},{"@type":"ListItem","position":3,"name":"Misyon &#8211; Vizyon"}]},{"@type":"WebSite","@id":"https:\/\/agri-sci.com\/#website","url":"https:\/\/agri-sci.com\/","name":"Agri Sciences","description":"a wide range of crop-protection products, including specialty fertilizers, pesticides and seed-care products","potentialAction":[{"@type":"SearchAction","target":{"@type":"EntryPoint","urlTemplate":"https:\/\/agri-sci.com\/?s={search_term_string}"},"query-input":"required name=search_term_string"}],"inLanguage":"en-US"}]}},"_links":{"self":[{"href":"https:\/\/agri-sci.com\/index.php?rest_route=\/wp\/v2\/pages\/3960","targetHints":{"allow":["GET"]}}],"collection":[{"href":"https:\/\/agri-sci.com\/index.php?rest_route=\/wp\/v2\/pages"}],"about":[{"href":"https:\/\/agri-sci.com\/index.php?rest_route=\/wp\/v2\/types\/page"}],"author":[{"embeddable":true,"href":"https:\/\/agri-sci.com\/index.php?rest_route=\/wp\/v2\/users\/2"}],"replies":[{"embeddable":true,"href":"https:\/\/agri-sci.com\/index.php?rest_route=%2Fwp%2Fv2%2Fcomments&post=3960"}],"version-history":[{"count":1,"href":"https:\/\/agri-sci.com\/index.php?rest_route=\/wp\/v2\/pages\/3960\/revisions"}],"predecessor-version":[{"id":3964,"href":"https:\/\/agri-sci.com\/index.php?rest_route=\/wp\/v2\/pages\/3960\/revisions\/3964"}],"up":[{"embeddable":true,"href":"https:\/\/agri-sci.com\/index.php?rest_route=\/wp\/v2\/pages\/234"}],"wp:attachment":[{"href":"https:\/\/agri-sci.com\/index.php?rest_route=%2Fwp%2Fv2%2Fmedia&parent=3960"}],"curies":[{"name":"wp","href":"https:\/\/api.w.org\/{rel}","templated":true}]}}